{"id":1227,"date":"2021-03-19T07:41:02","date_gmt":"2021-03-19T06:41:02","guid":{"rendered":"https:\/\/wp.flowlabs.studio\/?page_id=1227"},"modified":"2024-02-16T08:53:27","modified_gmt":"2024-02-16T07:53:27","slug":"dienstleistungen","status":"publish","type":"page","link":"https:\/\/www.walpart.net\/de\/dienstleistungen\/","title":{"rendered":"Dienstleistungen"},"content":{"rendered":"<h2 class=\"h6 mt-0 mb-2\">Trusts und Stiftungen<\/h2>\n<ul>\n<li>Errichtung von Trusts und Stiftungen nach liechtensteinischem und ausl\u00e4ndischem Recht<\/li>\n<li>Verwaltung von liechtensteinischen und ausl\u00e4ndischen Trusts und Stiftungen<\/li>\n<li>Liquidation von liechtensteinischen und ausl\u00e4ndischen Trusts und Stiftungen<\/li>\n<li>T\u00e4tigkeit als Stiftungsratsmitglieder, Trustees, Liquidatoren und\/oder Protektoren<\/li>\n<li>Gr\u00fcndung und Verwaltung von Private Trust Companies (PTC)<\/li>\n<li>Family Office Dienstleistungen<\/li>\n<\/ul>\n<h2 class=\"h6 mt-0 mb-2\">Gesellschaftsgr\u00fcndung und -verwaltung<\/h2>\n<ul>\n<li>Gr\u00fcndung, Leitung und Verwaltung von Gesellschaften (wie etwa Anstalten, Aktiengesellschaften, Gesellschaften mit beschr\u00e4nkter Haftung und Treuunternehmen)<\/li>\n<li>Liquidation von liechtensteinischen und ausl\u00e4ndischen Gesellschaften<\/li>\n<li>\u00dcbernahme von Verwaltungsrats- und Liquidatormandaten sowie anderen Organfunktionen<\/li>\n<li>Family Office Dienstleistungen<\/li>\n<\/ul>\n<h2 class=\"h6 mt-0 mb-2\">Buchhaltung<\/h2>\n<ul>\n<li>Buchhaltung f\u00fcr in- und ausl\u00e4ndische Gesellschaften und Stiftungen<\/li>\n<li>Buchhaltung f\u00fcr Trusts<\/li>\n<li>Erstellen von Jahresabschl\u00fcssen<\/li>\n<\/ul>\n<h2 class=\"h6 mt-0 mb-2\">Steuerberatung<\/h2>\n<ul>\n<li>Steuerplanung f\u00fcr Trusts, Stiftungen, Kapitalgesellschaften und nat\u00fcrliche Personen<\/li>\n<li>Erstellung von Steuererkl\u00e4rungen<\/li>\n<li>Vertretung von Mandanten vor den Steuerbeh\u00f6rden<\/li>\n<\/ul>\n","protected":false},"excerpt":{"rendered":"<p>Trusts und Stiftungen Errichtung von Trusts und Stiftungen nach liechtensteinischem und ausl\u00e4ndischem Recht Verwaltung von liechtensteinischen und ausl\u00e4ndischen Trusts und Stiftungen Liquidation von liechtensteinischen und ausl\u00e4ndischen Trusts und Stiftungen T\u00e4tigkeit als Stiftungsratsmitglieder, Trustees, Liquidatoren und\/oder Protektoren Gr\u00fcndung und Verwaltung von Private Trust Companies (PTC) Family Office Dienstleistungen Gesellschaftsgr\u00fcndung und -verwaltung Gr\u00fcndung, Leitung und Verwaltung von &hellip; <a href=\"https:\/\/www.walpart.net\/de\/dienstleistungen\/\">Continued<\/a><\/p>\n","protected":false},"author":1,"featured_media":0,"parent":0,"menu_order":7,"comment_status":"closed","ping_status":"closed","template":"","meta":{"_acf_changed":false,"_relevanssi_hide_post":"","_relevanssi_hide_content":"","_relevanssi_pin_for_all":"","_relevanssi_pin_keywords":"","_relevanssi_unpin_keywords":"","_relevanssi_related_keywords":"","_relevanssi_related_include_ids":"","_relevanssi_related_exclude_ids":"","_relevanssi_related_no_append":"","_relevanssi_related_not_related":"","_relevanssi_related_posts":"","_relevanssi_noindex_reason":"","footnotes":""},"class_list":["post-1227","page","type-page","status-publish","hentry"],"acf":[],"_links":{"self":[{"href":"https:\/\/www.walpart.net\/de\/wp-json\/wp\/v2\/pages\/1227","targetHints":{"allow":["GET"]}}],"collection":[{"href":"https:\/\/www.walpart.net\/de\/wp-json\/wp\/v2\/pages"}],"about":[{"href":"https:\/\/www.walpart.net\/de\/wp-json\/wp\/v2\/types\/page"}],"author":[{"embeddable":true,"href":"https:\/\/www.walpart.net\/de\/wp-json\/wp\/v2\/users\/1"}],"replies":[{"embeddable":true,"href":"https:\/\/www.walpart.net\/de\/wp-json\/wp\/v2\/comments?post=1227"}],"version-history":[{"count":7,"href":"https:\/\/www.walpart.net\/de\/wp-json\/wp\/v2\/pages\/1227\/revisions"}],"predecessor-version":[{"id":1776,"href":"https:\/\/www.walpart.net\/de\/wp-json\/wp\/v2\/pages\/1227\/revisions\/1776"}],"wp:attachment":[{"href":"https:\/\/www.walpart.net\/de\/wp-json\/wp\/v2\/media?parent=1227"}],"curies":[{"name":"wp","href":"https:\/\/api.w.org\/{rel}","templated":true}]}}